{"id":2,"date":"2020-01-17T18:02:24","date_gmt":"2020-01-18T02:02:24","guid":{"rendered":"https:\/\/plasmabienesraices.com\/?page_id=2"},"modified":"2020-01-17T18:02:25","modified_gmt":"2020-01-18T02:02:25","slug":"la-empresa","status":"publish","type":"page","link":"https:\/\/plasmabienesraices.com\/en\/la-empresa\/","title":{"rendered":"La empresa"},"content":{"rendered":"<div class=\"coblocks-row-55141317562 wp-block-coblocks-row\" data-columns=\"2\" data-layout=\"66-33\"><div class=\"has-no-margin has-no-padding has-medium-gutter is-stacked-on-mobile wp-block-coblocks-row__inner\"><div class=\"wp-block-coblocks-column coblocks-column-55141320246\" style=\"width:60.00%\"><div class=\"has-no-margin has-no-padding wp-block-coblocks-column__inner\"><figure class=\"wp-block-image\"><img alt=\"\" src=\"https:\/\/plasmabienesraices.com\/wp-content\/uploads\/2019\/08\/about-us-1.jpg\"><\/figure><\/div><\/div><div class=\"wp-block-coblocks-column coblocks-column-55141320249\" style=\"width:39.00%\"><div class=\"has-no-margin has-no-padding wp-block-coblocks-column__inner\"><h3>Nuestro enfoque<\/h3><p>Tambi\u00e9n podr\u00edas definir este encabezado como &#8220;Nuestra filosof\u00eda&#8221; o &#8220;Nuestra visi\u00f3n&#8221;. Aqu\u00ed es donde puedes hablar sobre lo que te apasiona a ti y lo que impulsa a tu empresa, y sobre lo que es \u00fanico acerca de tu proceso. Lo que escribas aqu\u00ed debiera ser algo singular e interesante sobre tu empresa que lo distingue de las dem\u00e1s de la misma industria.<\/p><h3>Nuestra historia<\/h3><p>Toda empresa tiene un comienzo, y aqu\u00ed es donde puedes conversar sobre el tuyo. La gente quiere saber de qu\u00e9 oportunidad te diste cuenta o c\u00f3mo tu pasi\u00f3n te condujo a la creaci\u00f3n de algo nuevo. Habla acerca de tus ra\u00edces&#8211;la gente quiere saber que las tienes.<\/p><\/div><\/div><\/div><\/div><div class=\"wp-block-spacer\" style=\"height:63px\" aria-hidden=\"true\"><\/div><h3 style=\"text-align:center\">Conoce al equipo<\/h3><p style=\"text-align:center\">Escribe algo acerca de las personas que hacen funcionar tu empresa o sobre tu filosof\u00eda de servicio al cliente.\n\u00bfPor qu\u00e9? Porque la gente quiere saber con qui\u00e9nes est\u00e1n haciendo sus negocios. Es una caracter\u00edstica muy humana.<\/p><div class=\"wp-container-4 has-3-columns wp-block-columns\"><div class=\"wp-container-1 wp-block-column\"><figure class=\"wp-block-image\"><img alt=\"\" src=\"https:\/\/plasmabienesraices.com\/wp-content\/uploads\/2019\/08\/about-us-headshot-1.jpg\"><\/figure><h3 style=\"text-align:center\">Regan McCook<\/h3><p style=\"text-align:center\"><em>Fundador y director ejecutivo<\/em><\/p><p style=\"text-align:center\">Incluye una breve biograf\u00eda con datos interesantes acerca de la persona.<\/p><\/div><div class=\"wp-container-2 wp-block-column\"><figure class=\"wp-block-image\"><img alt=\"\" src=\"https:\/\/plasmabienesraices.com\/wp-content\/uploads\/2019\/08\/about-us-headshot-2.jpg\"><\/figure><h3 style=\"text-align:center\">Eric Teagan<\/h3><p style=\"text-align:center\"><em>Vicepresidente<\/em><\/p><p style=\"text-align:center\">Incluye una breve biograf\u00eda con datos interesantes acerca de la persona.<\/p><\/div><div class=\"wp-container-3 wp-block-column\"><figure class=\"wp-block-image\"><img alt=\"\" src=\"https:\/\/plasmabienesraices.com\/wp-content\/uploads\/2019\/08\/about-us-headshot-3.jpg\"><\/figure><h3 style=\"text-align:center\">Timothy Barrett<\/h3><p style=\"text-align:center\"><em>Director financiero<\/em><\/p><p style=\"text-align:center\">Incluye una breve biograf\u00eda con datos interesantes acerca de la persona.<\/p><\/div><\/div><div class=\"wp-block-spacer\" style=\"height:27px\" aria-hidden=\"true\"><\/div><h3>Siguientes pasos&#8230;<\/h3><div class=\"wp-block-coblocks-row coblocks-row-77123959945\" data-columns=\"2\" data-layout=\"66-33\"><div class=\"wp-block-coblocks-row__inner has-medium-gutter has-no-padding has-no-margin is-stacked-on-mobile\"><div class=\"wp-block-coblocks-column coblocks-column-771240515\" style=\"width:66%\"><div class=\"wp-block-coblocks-column__inner has-no-padding has-no-margin\"><p>Esta debe ser la llamada de acci\u00f3n n\u00famero uno de un potencial cliente, por ejemplo, solicitar una cotizaci\u00f3n o analizar el cat\u00e1logo de tus productos.<\/p><\/div><\/div><div class=\"wp-block-coblocks-column coblocks-column-771240519\" style=\"width:33%\"><div class=\"wp-block-coblocks-column__inner has-no-padding has-no-margin\"><div class=\"wp-block-button aligncenter\"><a href=\"\/comunicate-con-nosotros\/\" class=\"wp-block-button__link\">Llamada a la acci\u00f3n<\/a><\/div><\/div><\/div><\/div><\/div>","protected":false},"excerpt":{"rendered":"<p>Conoce al equipo Escribe algo acerca de las personas que hacen funcionar tu empresa o sobre tu filosof\u00eda de servicio al cliente. \u00bfPor qu\u00e9? Porque la gente quiere saber con qui\u00e9nes est\u00e1n haciendo sus negocios. Es una caracter\u00edstica muy humana. Regan McCook Fundador y director ejecutivo Incluye una breve biograf\u00eda con datos interesantes acerca de&#8230;<\/p>","protected":false},"author":1,"featured_media":0,"parent":0,"menu_order":0,"comment_status":"closed","ping_status":"closed","template":"","meta":{"_coblocks_attr":"","_coblocks_dimensions":"","_coblocks_responsive_height":"","_coblocks_accordion_ie_support":""},"yoast_head":"<!-- This site is optimized with the Yoast SEO plugin v20.0 - https:\/\/yoast.com\/wordpress\/plugins\/seo\/ -->\n<title>La empresa - Plasma Bienes Raices<\/title>\n<meta name=\"robots\" content=\"index, follow, max-snippet:-1, max-image-preview:large, max-video-preview:-1\" \/>\n<link rel=\"canonical\" href=\"https:\/\/plasmabienesraices.com\/en\/la-empresa\/\" \/>\n<meta property=\"og:locale\" content=\"en_US\" \/>\n<meta property=\"og:type\" content=\"article\" \/>\n<meta property=\"og:title\" content=\"La empresa - Plasma Bienes Raices\" \/>\n<meta property=\"og:description\" content=\"Conoce al equipo Escribe algo acerca de las personas que hacen funcionar tu empresa o sobre tu filosof\u00eda de servicio al cliente. \u00bfPor qu\u00e9? Porque la gente quiere saber con qui\u00e9nes est\u00e1n haciendo sus negocios. Es una caracter\u00edstica muy humana. Regan McCook Fundador y director ejecutivo Incluye una breve biograf\u00eda con datos interesantes acerca de...\" \/>\n<meta property=\"og:url\" content=\"https:\/\/plasmabienesraices.com\/en\/la-empresa\/\" \/>\n<meta property=\"og:site_name\" content=\"Plasma Bienes Raices\" \/>\n<meta property=\"article:modified_time\" content=\"2020-01-18T02:02:25+00:00\" \/>\n<meta property=\"og:image\" content=\"https:\/\/plasmabienesraices.com\/wp-content\/uploads\/2019\/08\/about-us-1.jpg\" \/>\n<meta name=\"twitter:card\" content=\"summary_large_image\" \/>\n<meta name=\"twitter:label1\" content=\"Est. reading time\" \/>\n\t<meta name=\"twitter:data1\" content=\"1 minute\" \/>\n<script type=\"application\/ld+json\" class=\"yoast-schema-graph\">{\"@context\":\"https:\/\/schema.org\",\"@graph\":[{\"@type\":\"WebPage\",\"@id\":\"https:\/\/plasmabienesraices.com\/en\/la-empresa\/\",\"url\":\"https:\/\/plasmabienesraices.com\/en\/la-empresa\/\",\"name\":\"La empresa - Plasma Bienes Raices\",\"isPartOf\":{\"@id\":\"https:\/\/plasmabienesraices.com\/#website\"},\"datePublished\":\"2020-01-18T02:02:24+00:00\",\"dateModified\":\"2020-01-18T02:02:25+00:00\",\"breadcrumb\":{\"@id\":\"https:\/\/plasmabienesraices.com\/en\/la-empresa\/#breadcrumb\"},\"inLanguage\":\"en-US\",\"potentialAction\":[{\"@type\":\"ReadAction\",\"target\":[\"https:\/\/plasmabienesraices.com\/en\/la-empresa\/\"]}]},{\"@type\":\"BreadcrumbList\",\"@id\":\"https:\/\/plasmabienesraices.com\/en\/la-empresa\/#breadcrumb\",\"itemListElement\":[{\"@type\":\"ListItem\",\"position\":1,\"name\":\"Portada\",\"item\":\"https:\/\/plasmabienesraices.com\/\"},{\"@type\":\"ListItem\",\"position\":2,\"name\":\"La empresa\"}]},{\"@type\":\"WebSite\",\"@id\":\"https:\/\/plasmabienesraices.com\/#website\",\"url\":\"https:\/\/plasmabienesraices.com\/\",\"name\":\"Plasma Bienes Raices\",\"description\":\"\",\"publisher\":{\"@id\":\"https:\/\/plasmabienesraices.com\/#organization\"},\"potentialAction\":[{\"@type\":\"SearchAction\",\"target\":{\"@type\":\"EntryPoint\",\"urlTemplate\":\"https:\/\/plasmabienesraices.com\/?s={search_term_string}\"},\"query-input\":\"required name=search_term_string\"}],\"inLanguage\":\"en-US\"},{\"@type\":\"Organization\",\"@id\":\"https:\/\/plasmabienesraices.com\/#organization\",\"name\":\"Plasma Bienes Raices\",\"url\":\"https:\/\/plasmabienesraices.com\/\",\"logo\":{\"@type\":\"ImageObject\",\"inLanguage\":\"en-US\",\"@id\":\"https:\/\/plasmabienesraices.com\/#\/schema\/logo\/image\/\",\"url\":\"https:\/\/plasmabienesraices.com\/wp-content\/uploads\/2020\/09\/Plasma-Logo-2.png\",\"contentUrl\":\"https:\/\/plasmabienesraices.com\/wp-content\/uploads\/2020\/09\/Plasma-Logo-2.png\",\"width\":936,\"height\":350,\"caption\":\"Plasma Bienes Raices\"},\"image\":{\"@id\":\"https:\/\/plasmabienesraices.com\/#\/schema\/logo\/image\/\"}}]}<\/script>\n<!-- \/ Yoast SEO plugin. -->","yoast_head_json":{"title":"La empresa - Plasma Bienes Raices","robots":{"index":"index","follow":"follow","max-snippet":"max-snippet:-1","max-image-preview":"max-image-preview:large","max-video-preview":"max-video-preview:-1"},"canonical":"https:\/\/plasmabienesraices.com\/en\/la-empresa\/","og_locale":"en_US","og_type":"article","og_title":"La empresa - Plasma Bienes Raices","og_description":"Conoce al equipo Escribe algo acerca de las personas que hacen funcionar tu empresa o sobre tu filosof\u00eda de servicio al cliente. \u00bfPor qu\u00e9? Porque la gente quiere saber con qui\u00e9nes est\u00e1n haciendo sus negocios. Es una caracter\u00edstica muy humana. Regan McCook Fundador y director ejecutivo Incluye una breve biograf\u00eda con datos interesantes acerca de...","og_url":"https:\/\/plasmabienesraices.com\/en\/la-empresa\/","og_site_name":"Plasma Bienes Raices","article_modified_time":"2020-01-18T02:02:25+00:00","og_image":[{"url":"https:\/\/plasmabienesraices.com\/wp-content\/uploads\/2019\/08\/about-us-1.jpg"}],"twitter_card":"summary_large_image","twitter_misc":{"Est. reading time":"1 minute"},"schema":{"@context":"https:\/\/schema.org","@graph":[{"@type":"WebPage","@id":"https:\/\/plasmabienesraices.com\/en\/la-empresa\/","url":"https:\/\/plasmabienesraices.com\/en\/la-empresa\/","name":"La empresa - Plasma Bienes Raices","isPartOf":{"@id":"https:\/\/plasmabienesraices.com\/#website"},"datePublished":"2020-01-18T02:02:24+00:00","dateModified":"2020-01-18T02:02:25+00:00","breadcrumb":{"@id":"https:\/\/plasmabienesraices.com\/en\/la-empresa\/#breadcrumb"},"inLanguage":"en-US","potentialAction":[{"@type":"ReadAction","target":["https:\/\/plasmabienesraices.com\/en\/la-empresa\/"]}]},{"@type":"BreadcrumbList","@id":"https:\/\/plasmabienesraices.com\/en\/la-empresa\/#breadcrumb","itemListElement":[{"@type":"ListItem","position":1,"name":"Portada","item":"https:\/\/plasmabienesraices.com\/"},{"@type":"ListItem","position":2,"name":"La empresa"}]},{"@type":"WebSite","@id":"https:\/\/plasmabienesraices.com\/#website","url":"https:\/\/plasmabienesraices.com\/","name":"Plasma Bienes Raices","description":"","publisher":{"@id":"https:\/\/plasmabienesraices.com\/#organization"},"potentialAction":[{"@type":"SearchAction","target":{"@type":"EntryPoint","urlTemplate":"https:\/\/plasmabienesraices.com\/?s={search_term_string}"},"query-input":"required name=search_term_string"}],"inLanguage":"en-US"},{"@type":"Organization","@id":"https:\/\/plasmabienesraices.com\/#organization","name":"Plasma Bienes Raices","url":"https:\/\/plasmabienesraices.com\/","logo":{"@type":"ImageObject","inLanguage":"en-US","@id":"https:\/\/plasmabienesraices.com\/#\/schema\/logo\/image\/","url":"https:\/\/plasmabienesraices.com\/wp-content\/uploads\/2020\/09\/Plasma-Logo-2.png","contentUrl":"https:\/\/plasmabienesraices.com\/wp-content\/uploads\/2020\/09\/Plasma-Logo-2.png","width":936,"height":350,"caption":"Plasma Bienes Raices"},"image":{"@id":"https:\/\/plasmabienesraices.com\/#\/schema\/logo\/image\/"}}]}},"_links":{"self":[{"href":"https:\/\/plasmabienesraices.com\/en\/wp-json\/wp\/v2\/pages\/2"}],"collection":[{"href":"https:\/\/plasmabienesraices.com\/en\/wp-json\/wp\/v2\/pages"}],"about":[{"href":"https:\/\/plasmabienesraices.com\/en\/wp-json\/wp\/v2\/types\/page"}],"author":[{"embeddable":true,"href":"https:\/\/plasmabienesraices.com\/en\/wp-json\/wp\/v2\/users\/1"}],"replies":[{"embeddable":true,"href":"https:\/\/plasmabienesraices.com\/en\/wp-json\/wp\/v2\/comments?post=2"}],"version-history":[{"count":1,"href":"https:\/\/plasmabienesraices.com\/en\/wp-json\/wp\/v2\/pages\/2\/revisions"}],"predecessor-version":[{"id":319,"href":"https:\/\/plasmabienesraices.com\/en\/wp-json\/wp\/v2\/pages\/2\/revisions\/319"}],"wp:attachment":[{"href":"https:\/\/plasmabienesraices.com\/en\/wp-json\/wp\/v2\/media?parent=2"}],"curies":[{"name":"wp","href":"https:\/\/api.w.org\/{rel}","templated":true}]}}