{"id":11486,"date":"2022-09-22T13:07:45","date_gmt":"2022-09-22T20:07:45","guid":{"rendered":"https:\/\/plasmabienesraices.com\/?page_id=11486"},"modified":"2022-09-22T13:09:37","modified_gmt":"2022-09-22T20:09:37","slug":"aviso-de-privacidad","status":"publish","type":"page","link":"https:\/\/plasmabienesraices.com\/en\/aviso-de-privacidad\/","title":{"rendered":"Aviso de privacidad"},"content":{"rendered":"<p><strong>Plasma Bienes Ra\u00edces <\/strong>quien usa el nombre comercial <strong>Plasma Bienes Ra\u00edces<\/strong>, con domicilio en calle Jalapa # 11 int 10-3b, Col Neidhart Tijuana Baja California M\u00e9xico CP 22020, representado por el C.\u00a0<strong>Ivan Manuel Alvirez Ibarra<\/strong>\u00a0responsable de recabar sus datos personales, del uso que se le d\u00e9 a los mismos y de su protecci\u00f3n.<\/p>\n<p>&nbsp;<\/p>\n<p>Su informaci\u00f3n personal ser\u00e1 utilizada para proveer los servicios inmobiliarios que ha solicitado, informarle sobre cambios en los mismos y evaluar la calidad del servicio que le brindamos. Para las finalidades antes mencionadas, requerimos obtener los siguientes datos: Datos de Identificaci\u00f3n Personal, Datos Patrimoniales, Datos Financieros y Documentos de Soporte para otorgar la prestaci\u00f3n del servicio de Asesor\u00eda, Promoci\u00f3n, Mediaci\u00f3n, Informaci\u00f3n y Gesti\u00f3n para la renta o venta de su propiedad, solicitado por Usted.<\/p>\n<p>&nbsp;<\/p>\n<p>Usted tiene derecho de acceder, rectificar y cancelar sus datos personales, as\u00ed como de oponerse al tratamiento de los mismos o revocar el consentimiento que para tal fin me haya otorgado, a trav\u00e9s de comunicado por escrito libre, en donde se\u00f1ale el derecho ARCO que pretende ejercer, debidamente firmado por usted, dirigido al suscrito y entregado en el domicilio anteriormente se\u00f1alado, anexando copia de identificaci\u00f3n y domicilio en donde deber\u00e1 de recibir el comunicado de respuesta. El responsable comunicar\u00e1 al titular, en un plazo m\u00e1ximo de veinte d\u00edas, contados desde la fecha en que se recibi\u00f3 la solicitud de acceso, rectificaci\u00f3n, cancelaci\u00f3n u oposici\u00f3n, la determinaci\u00f3n adoptada, a efecto de que, si resulta procedente, se haga efectiva la misma dentro de los quince d\u00edas siguientes a la fecha en que se comunica la respuesta. Trat\u00e1ndose de solicitudes de acceso a datos personales, proceder\u00e1 la entrega previa acreditaci\u00f3n de la identidad del solicitante o representante legal, seg\u00fan corresponda. Los plazos antes referidos podr\u00e1n ser ampliados una sola vez por un periodo igual, siempre y cuando as\u00ed lo justifiquen las circunstancias del caso dicho comunicado surtir\u00e1 sus efectos a los 15 d\u00edas posteriores a su recepci\u00f3n.<\/p>\n<p>&nbsp;<\/p>\n<p>Asimismo, le informamos que sus datos personales no ser\u00e1n transferidos a personas distintas al suscrito y de igual manera le informamos que no recabamos datos personales sensibles, tambi\u00e9n le informo que no hacemos env\u00edo alguno de comunicados y promociones distintos al servicio profesional solicitado. En ese sentido, su informaci\u00f3n puede ser compartida \u00fanicamente con diversas autoridades o dependencias gubernamentales, Notar\u00edas para efectos de llevar a cabo el servicio profesional solicitado. Si usted no manifiesta su oposici\u00f3n para que sus datos personales sean tratados en los t\u00e9rminos del presenta viso de conformidad, se entender\u00e1 que ha otorgado su consentimiento para ello.<\/p>\n<p>&nbsp;<\/p>\n<p>Tijuana Baja California M\u00e9xico, a 01 de febrero de 2020.<\/p>\n<p>&nbsp;<\/p>","protected":false},"excerpt":{"rendered":"<p>Plasma Bienes Ra\u00edces quien usa el nombre comercial Plasma Bienes Ra\u00edces, con domicilio en calle Jalapa # 11 int 10-3b, Col Neidhart Tijuana Baja California M\u00e9xico CP 22020, representado por el C.\u00a0Ivan Manuel Alvirez Ibarra\u00a0responsable de recabar sus datos personales, del uso que se le d\u00e9 a los mismos y de su protecci\u00f3n. &nbsp; Su&#8230;<\/p>","protected":false},"author":1,"featured_media":0,"parent":0,"menu_order":0,"comment_status":"closed","ping_status":"closed","template":"","meta":{"_coblocks_attr":"","_coblocks_dimensions":"","_coblocks_responsive_height":"","_coblocks_accordion_ie_support":""},"yoast_head":"<!-- This site is optimized with the Yoast SEO plugin v20.0 - https:\/\/yoast.com\/wordpress\/plugins\/seo\/ -->\n<title>Aviso de privacidad - Plasma Bienes Raices<\/title>\n<meta name=\"robots\" content=\"index, follow, max-snippet:-1, max-image-preview:large, max-video-preview:-1\" \/>\n<link rel=\"canonical\" href=\"https:\/\/plasmabienesraices.com\/en\/aviso-de-privacidad\/\" \/>\n<meta property=\"og:locale\" content=\"en_US\" \/>\n<meta property=\"og:type\" content=\"article\" \/>\n<meta property=\"og:title\" content=\"Aviso de privacidad - Plasma Bienes Raices\" \/>\n<meta property=\"og:description\" content=\"Plasma Bienes Ra\u00edces quien usa el nombre comercial Plasma Bienes Ra\u00edces, con domicilio en calle Jalapa # 11 int 10-3b, Col Neidhart Tijuana Baja California M\u00e9xico CP 22020, representado por el C.\u00a0Ivan Manuel Alvirez Ibarra\u00a0responsable de recabar sus datos personales, del uso que se le d\u00e9 a los mismos y de su protecci\u00f3n. &nbsp; Su...\" \/>\n<meta property=\"og:url\" content=\"https:\/\/plasmabienesraices.com\/en\/aviso-de-privacidad\/\" \/>\n<meta property=\"og:site_name\" content=\"Plasma Bienes Raices\" \/>\n<meta property=\"article:modified_time\" content=\"2022-09-22T20:09:37+00:00\" \/>\n<meta name=\"twitter:card\" content=\"summary_large_image\" \/>\n<meta name=\"twitter:label1\" content=\"Est. reading time\" \/>\n\t<meta name=\"twitter:data1\" content=\"2 minutes\" \/>\n<script type=\"application\/ld+json\" class=\"yoast-schema-graph\">{\"@context\":\"https:\/\/schema.org\",\"@graph\":[{\"@type\":\"WebPage\",\"@id\":\"https:\/\/plasmabienesraices.com\/aviso-de-privacidad\/\",\"url\":\"https:\/\/plasmabienesraices.com\/aviso-de-privacidad\/\",\"name\":\"Aviso de privacidad - Plasma Bienes Raices\",\"isPartOf\":{\"@id\":\"https:\/\/plasmabienesraices.com\/#website\"},\"datePublished\":\"2022-09-22T20:07:45+00:00\",\"dateModified\":\"2022-09-22T20:09:37+00:00\",\"breadcrumb\":{\"@id\":\"https:\/\/plasmabienesraices.com\/aviso-de-privacidad\/#breadcrumb\"},\"inLanguage\":\"en-US\",\"potentialAction\":[{\"@type\":\"ReadAction\",\"target\":[\"https:\/\/plasmabienesraices.com\/aviso-de-privacidad\/\"]}]},{\"@type\":\"BreadcrumbList\",\"@id\":\"https:\/\/plasmabienesraices.com\/aviso-de-privacidad\/#breadcrumb\",\"itemListElement\":[{\"@type\":\"ListItem\",\"position\":1,\"name\":\"Portada\",\"item\":\"https:\/\/plasmabienesraices.com\/\"},{\"@type\":\"ListItem\",\"position\":2,\"name\":\"Aviso de privacidad\"}]},{\"@type\":\"WebSite\",\"@id\":\"https:\/\/plasmabienesraices.com\/#website\",\"url\":\"https:\/\/plasmabienesraices.com\/\",\"name\":\"Plasma Bienes Raices\",\"description\":\"\",\"publisher\":{\"@id\":\"https:\/\/plasmabienesraices.com\/#organization\"},\"potentialAction\":[{\"@type\":\"SearchAction\",\"target\":{\"@type\":\"EntryPoint\",\"urlTemplate\":\"https:\/\/plasmabienesraices.com\/?s={search_term_string}\"},\"query-input\":\"required name=search_term_string\"}],\"inLanguage\":\"en-US\"},{\"@type\":\"Organization\",\"@id\":\"https:\/\/plasmabienesraices.com\/#organization\",\"name\":\"Plasma Bienes Raices\",\"url\":\"https:\/\/plasmabienesraices.com\/\",\"logo\":{\"@type\":\"ImageObject\",\"inLanguage\":\"en-US\",\"@id\":\"https:\/\/plasmabienesraices.com\/#\/schema\/logo\/image\/\",\"url\":\"https:\/\/plasmabienesraices.com\/wp-content\/uploads\/2020\/09\/Plasma-Logo-2.png\",\"contentUrl\":\"https:\/\/plasmabienesraices.com\/wp-content\/uploads\/2020\/09\/Plasma-Logo-2.png\",\"width\":936,\"height\":350,\"caption\":\"Plasma Bienes Raices\"},\"image\":{\"@id\":\"https:\/\/plasmabienesraices.com\/#\/schema\/logo\/image\/\"}}]}<\/script>\n<!-- \/ Yoast SEO plugin. -->","yoast_head_json":{"title":"Aviso de privacidad - Plasma Bienes Raices","robots":{"index":"index","follow":"follow","max-snippet":"max-snippet:-1","max-image-preview":"max-image-preview:large","max-video-preview":"max-video-preview:-1"},"canonical":"https:\/\/plasmabienesraices.com\/en\/aviso-de-privacidad\/","og_locale":"en_US","og_type":"article","og_title":"Aviso de privacidad - Plasma Bienes Raices","og_description":"Plasma Bienes Ra\u00edces quien usa el nombre comercial Plasma Bienes Ra\u00edces, con domicilio en calle Jalapa # 11 int 10-3b, Col Neidhart Tijuana Baja California M\u00e9xico CP 22020, representado por el C.\u00a0Ivan Manuel Alvirez Ibarra\u00a0responsable de recabar sus datos personales, del uso que se le d\u00e9 a los mismos y de su protecci\u00f3n. &nbsp; Su...","og_url":"https:\/\/plasmabienesraices.com\/en\/aviso-de-privacidad\/","og_site_name":"Plasma Bienes Raices","article_modified_time":"2022-09-22T20:09:37+00:00","twitter_card":"summary_large_image","twitter_misc":{"Est. reading time":"2 minutes"},"schema":{"@context":"https:\/\/schema.org","@graph":[{"@type":"WebPage","@id":"https:\/\/plasmabienesraices.com\/aviso-de-privacidad\/","url":"https:\/\/plasmabienesraices.com\/aviso-de-privacidad\/","name":"Aviso de privacidad - Plasma Bienes Raices","isPartOf":{"@id":"https:\/\/plasmabienesraices.com\/#website"},"datePublished":"2022-09-22T20:07:45+00:00","dateModified":"2022-09-22T20:09:37+00:00","breadcrumb":{"@id":"https:\/\/plasmabienesraices.com\/aviso-de-privacidad\/#breadcrumb"},"inLanguage":"en-US","potentialAction":[{"@type":"ReadAction","target":["https:\/\/plasmabienesraices.com\/aviso-de-privacidad\/"]}]},{"@type":"BreadcrumbList","@id":"https:\/\/plasmabienesraices.com\/aviso-de-privacidad\/#breadcrumb","itemListElement":[{"@type":"ListItem","position":1,"name":"Portada","item":"https:\/\/plasmabienesraices.com\/"},{"@type":"ListItem","position":2,"name":"Aviso de privacidad"}]},{"@type":"WebSite","@id":"https:\/\/plasmabienesraices.com\/#website","url":"https:\/\/plasmabienesraices.com\/","name":"Plasma Bienes Raices","description":"","publisher":{"@id":"https:\/\/plasmabienesraices.com\/#organization"},"potentialAction":[{"@type":"SearchAction","target":{"@type":"EntryPoint","urlTemplate":"https:\/\/plasmabienesraices.com\/?s={search_term_string}"},"query-input":"required name=search_term_string"}],"inLanguage":"en-US"},{"@type":"Organization","@id":"https:\/\/plasmabienesraices.com\/#organization","name":"Plasma Bienes Raices","url":"https:\/\/plasmabienesraices.com\/","logo":{"@type":"ImageObject","inLanguage":"en-US","@id":"https:\/\/plasmabienesraices.com\/#\/schema\/logo\/image\/","url":"https:\/\/plasmabienesraices.com\/wp-content\/uploads\/2020\/09\/Plasma-Logo-2.png","contentUrl":"https:\/\/plasmabienesraices.com\/wp-content\/uploads\/2020\/09\/Plasma-Logo-2.png","width":936,"height":350,"caption":"Plasma Bienes Raices"},"image":{"@id":"https:\/\/plasmabienesraices.com\/#\/schema\/logo\/image\/"}}]}},"_links":{"self":[{"href":"https:\/\/plasmabienesraices.com\/en\/wp-json\/wp\/v2\/pages\/11486"}],"collection":[{"href":"https:\/\/plasmabienesraices.com\/en\/wp-json\/wp\/v2\/pages"}],"about":[{"href":"https:\/\/plasmabienesraices.com\/en\/wp-json\/wp\/v2\/types\/page"}],"author":[{"embeddable":true,"href":"https:\/\/plasmabienesraices.com\/en\/wp-json\/wp\/v2\/users\/1"}],"replies":[{"embeddable":true,"href":"https:\/\/plasmabienesraices.com\/en\/wp-json\/wp\/v2\/comments?post=11486"}],"version-history":[{"count":1,"href":"https:\/\/plasmabienesraices.com\/en\/wp-json\/wp\/v2\/pages\/11486\/revisions"}],"predecessor-version":[{"id":11487,"href":"https:\/\/plasmabienesraices.com\/en\/wp-json\/wp\/v2\/pages\/11486\/revisions\/11487"}],"wp:attachment":[{"href":"https:\/\/plasmabienesraices.com\/en\/wp-json\/wp\/v2\/media?parent=11486"}],"curies":[{"name":"wp","href":"https:\/\/api.w.org\/{rel}","templated":true}]}}